{"id":385,"date":"2025-02-14T08:21:54","date_gmt":"2025-02-14T13:21:54","guid":{"rendered":"https:\/\/boutiqueabc.com\/ashayoga\/?page_id=385"},"modified":"2026-01-12T12:45:13","modified_gmt":"2026-01-12T17:45:13","slug":"contact","status":"publish","type":"page","link":"https:\/\/asha.yoga\/en\/contact\/","title":{"rendered":"Contact"},"content":{"rendered":"<div class=\"wpb-content-wrapper\"><p>[vc_section full_width=&#8221;stretch_row&#8221; content_placement=&#8221;middle&#8221; css_animation=&#8221;none&#8221; el_id=&#8221;top-section&#8221; css=&#8221;.vc_custom_1742573881031{padding-top: 50px !important;padding-bottom: 30px !important;background-color: #63675A !important;}&#8221;][vc_row][vc_column][vc_custom_heading text=&#8221;Join Us&#8221; font_container=&#8221;tag:h1|text_align:center|color:%23FFFFFF&#8221; use_theme_fonts=&#8221;yes&#8221; css=&#8221;&#8221;][\/vc_column][\/vc_row][\/vc_section][vc_section el_id=&#8221;contact-section&#8221; css=&#8221;.vc_custom_1739539132253{margin-top: 30px !important;}&#8221;][vc_row gap=&#8221;10&#8243;][vc_column css_animation=&#8221;fadeInUp&#8221; width=&#8221;1\/2&#8243;][vc_single_image image=&#8221;390&#8243; img_size=&#8221;full&#8221; alignment=&#8221;center&#8221; css=&#8221;&#8221;][\/vc_column][vc_column css_animation=&#8221;none&#8221; width=&#8221;1\/2&#8243;][vc_row_inner][vc_column_inner css=&#8221;.vc_custom_1739539248151{padding-top: 20px !important;padding-right: 20px !important;padding-bottom: 20px !important;padding-left: 20px !important;background-color: #F3EFEA !important;}&#8221;][vc_custom_heading text=&#8221;Asha Yoga Laval&#8221; font_container=&#8221;tag:h3|text_align:center|color:%2363675A&#8221; use_theme_fonts=&#8221;yes&#8221; css=&#8221;&#8221;][vc_column_text css=&#8221;&#8221;]<\/p>\n<p style=\"text-align: center;\">1700 Desserte Sud (Highway 440), Laval, QC H7S 2E7 &#8211; Suite 205<\/p>\n<p style=\"text-align: center;\"><a href=\"tel:4506869642\" target=\"_blank\" rel=\"noopener\"><strong>450-686-9642<\/strong><\/a><br \/>\n<a href=\"mailto:info@asha.yoga\" target=\"_blank\" rel=\"noopener\"><strong>info@asha.yoga<\/strong><\/a><\/p>\n<p>[\/vc_column_text][\/vc_column_inner][\/vc_row_inner][vc_row_inner css=&#8221;.vc_custom_1739539325664{margin-top: 20px !important;}&#8221;][vc_column_inner css=&#8221;.vc_custom_1739539248151{padding-top: 20px !important;padding-right: 20px !important;padding-bottom: 20px !important;padding-left: 20px !important;background-color: #F3EFEA !important;}&#8221;][vc_custom_heading text=&#8221;Asha Yoga Sainte-Th\u00e9r\u00e8se&#8221; font_container=&#8221;tag:h3|text_align:center|color:%2363675A&#8221; use_theme_fonts=&#8221;yes&#8221; css=&#8221;&#8221;][vc_column_text css=&#8221;&#8221;]<\/p>\n<p style=\"text-align: center;\">305 Blv. Cur\u00e9-Labelle, Sainte-Th\u00e9r\u00e8se J7E0C2<\/p>\n<p style=\"text-align: center;\"><a href=\"tel:4504379642\" target=\"_blank\" rel=\"noopener\"><strong>450-437-9642<\/strong><\/a><br \/>\n<a href=\"mailto:info@asha.yoga\" target=\"_blank\" rel=\"noopener\"><strong>info@asha.yoga<\/strong><\/a><\/p>\n<p>[\/vc_column_text][\/vc_column_inner][\/vc_row_inner][vc_empty_space height=&#8221;20px&#8221;][vc_custom_heading text=&#8221;Follow us on social media&#8221; font_container=&#8221;tag:h3|text_align:center|color:%2363675A&#8221; use_theme_fonts=&#8221;yes&#8221; css=&#8221;&#8221;][social_vc_father align=&#8221;center&#8221;][social_vc_son url=&#8221;url:https%3A%2F%2Fwww.facebook.com%2Fashayogalaval%2F%3Flocale%3Dfr_FR|target:_blank&#8221; icon=&#8221;fab fa-facebook-square&#8221;][social_vc_son url=&#8221;url:https%3A%2F%2Fwww.instagram.com%2Fashayoga.laval%2F%3Fhl%3Dfr|target:_blank&#8221; icon=&#8221;fab fa-instagram&#8221;][\/social_vc_father][\/vc_column][\/vc_row][\/vc_section][vc_section full_width=&#8221;stretch_row&#8221; content_placement=&#8221;middle&#8221; css_animation=&#8221;none&#8221; css=&#8221;.vc_custom_1742573892880{margin-top: 30px !important;padding-top: 80px !important;padding-bottom: 80px !important;background-color: #63675A !important;}&#8221; el_class=&#8221;m-top&#8221;][vc_row][vc_column][vc_custom_heading text=&#8221;INFORMATION REQUEST&#8221; font_container=&#8221;tag:h3|text_align:center|color:%23FFFFFF&#8221; use_theme_fonts=&#8221;yes&#8221; css=&#8221;&#8221;][vc_empty_space height=&#8221;30px&#8221;][vc_column_text css=&#8221;&#8221; el_id=&#8221;txt-white&#8221;]<\/p>\n<p style=\"text-align: center;\">For more information or to book an appointment, please complete the form below and we\u2019ll get back to you as soon as possible!<\/p>\n<p>[\/vc_column_text]\n<div class=\"wpcf7 no-js\" id=\"wpcf7-f395-o1\" lang=\"en-CA\" dir=\"ltr\" data-wpcf7-id=\"395\">\n<div class=\"screen-reader-response\"><p role=\"status\" aria-live=\"polite\" aria-atomic=\"true\"><\/p> <ul><\/ul><\/div>\n<form action=\"\/en\/wp-json\/wp\/v2\/pages\/385#wpcf7-f395-o1\" method=\"post\" class=\"wpcf7-form init\" aria-label=\"Contact form\" novalidate=\"novalidate\" data-status=\"init\">\n<fieldset class=\"hidden-fields-container\"><input type=\"hidden\" name=\"_wpcf7\" value=\"395\" \/><input type=\"hidden\" name=\"_wpcf7_version\" value=\"6.1.5\" \/><input type=\"hidden\" name=\"_wpcf7_locale\" value=\"en_CA\" \/><input type=\"hidden\" name=\"_wpcf7_unit_tag\" value=\"wpcf7-f395-o1\" \/><input type=\"hidden\" name=\"_wpcf7_container_post\" value=\"0\" \/><input type=\"hidden\" name=\"_wpcf7_posted_data_hash\" value=\"\" \/>\n<\/fieldset>\n<p><label> Name*<br \/>\n<span class=\"wpcf7-form-control-wrap\" data-name=\"your-name\"><input size=\"40\" maxlength=\"400\" class=\"wpcf7-form-control wpcf7-text wpcf7-validates-as-required\" autocomplete=\"name\" aria-required=\"true\" aria-invalid=\"false\" value=\"\" type=\"text\" name=\"your-name\" \/><\/span> <\/label>\n<\/p>\n<p><label> Email*<br \/>\n<span class=\"wpcf7-form-control-wrap\" data-name=\"your-email\"><input size=\"40\" maxlength=\"400\" class=\"wpcf7-form-control wpcf7-email wpcf7-validates-as-required wpcf7-text wpcf7-validates-as-email\" autocomplete=\"email\" aria-required=\"true\" aria-invalid=\"false\" value=\"\" type=\"email\" name=\"your-email\" \/><\/span> <\/label>\n<\/p>\n<p><label> Studio<br \/>\n<span class=\"wpcf7-form-control-wrap\" data-name=\"your-studio\"><select class=\"wpcf7-form-control wpcf7-select wpcf7-validates-as-required\" aria-required=\"true\" aria-invalid=\"false\" name=\"your-studio\"><option value=\"Laval\">Laval<\/option><option value=\"Sainte-Th\u00e9r\u00e8se\">Sainte-Th\u00e9r\u00e8se<\/option><\/select><\/span> <\/label>\n<\/p>\n<p><label> Information request for*<br \/>\n<span class=\"wpcf7-form-control-wrap\" data-name=\"your-request\"><select class=\"wpcf7-form-control wpcf7-select wpcf7-validates-as-required\" aria-required=\"true\" aria-invalid=\"false\" name=\"your-request\"><option value=\"Classes\">Classes<\/option><option value=\"Subscriptions\">Subscriptions<\/option><option value=\"Trainings\">Trainings<\/option><option value=\"Studios\">Studios<\/option><\/select><\/span> <\/label>\n<\/p>\n<p><label> Please enter the name of the course, the subscription or the presentation here<br \/>\n<span class=\"wpcf7-form-control-wrap\" data-name=\"your-course\"><input size=\"40\" maxlength=\"400\" class=\"wpcf7-form-control wpcf7-text\" aria-invalid=\"false\" value=\"\" type=\"text\" name=\"your-course\" \/><\/span> <\/label>\n<\/p>\n<p><label> Message*<br \/>\n<span class=\"wpcf7-form-control-wrap\" data-name=\"your-message\"><textarea cols=\"10\" rows=\"4\" maxlength=\"2000\" class=\"wpcf7-form-control wpcf7-textarea wpcf7-validates-as-required\" aria-required=\"true\" aria-invalid=\"false\" name=\"your-message\"><\/textarea><\/span> <\/label>\n<\/p>\n<p><input class=\"wpcf7-form-control wpcf7-submit has-spinner\" type=\"submit\" value=\"Submit\" \/>\n<\/p><p style=\"display: none !important;\" class=\"akismet-fields-container\" data-prefix=\"_wpcf7_ak_\"><label>&#916;<textarea name=\"_wpcf7_ak_hp_textarea\" cols=\"45\" rows=\"8\" maxlength=\"100\"><\/textarea><\/label><input type=\"hidden\" id=\"ak_js_1\" name=\"_wpcf7_ak_js\" value=\"237\"\/><script>\ndocument.getElementById( \"ak_js_1\" ).setAttribute( \"value\", ( new Date() ).getTime() );\n<\/script>\n<\/p><div class=\"wpcf7-response-output\" aria-hidden=\"true\"><\/div>\n<\/form>\n<\/div>\n[\/vc_column][\/vc_row][\/vc_section][vc_section full_width=&#8221;stretch_row_content&#8221; content_placement=&#8221;middle&#8221; css_animation=&#8221;none&#8221; css=&#8221;.vc_custom_1742573896519{padding-top: 0px !important;}&#8221;][vc_row full_width=&#8221;stretch_row_content_no_spaces&#8221;][vc_column][vc_gmaps link=&#8221;#E-8_JTNDaWZyYW1lJTIwc3JjJTNEJTIyaHR0cHMlM0ElMkYlMkZ3d3cuZ29vZ2xlLmNvbSUyRm1hcHMlMkZlbWJlZCUzRnBiJTNEJTIxMW0xOCUyMTFtMTIlMjExbTMlMjExZDI3OTQuMTc4MTczMTE5MzgyMyUyMTJkLTczLjcyOTgwMDgwNDA5MjYzJTIxM2Q0NS41NTU2ODIxNTI3NTYxOCUyMTJtMyUyMTFmMCUyMTJmMCUyMTNmMCUyMTNtMiUyMTFpMTAyNCUyMTJpNzY4JTIxNGYxMy4xJTIxM20zJTIxMW0yJTIxMXMweDRjYzkyMjQ5ZDIxYTQ3OGIlMjUzQTB4MTVhYjkwN2UxNzkyNTgyNiUyMTJzQXNoYSUyNTIwWW9nYSUyMTVlMCUyMTNtMiUyMTFzZW4lMjEyc3VzJTIxNHYxNzM5NTQwMTYwOTczJTIxNW0yJTIxMXNlbiUyMTJzdXMlMjIlMjB3aWR0aCUzRCUyMjEwMCUyNSUyMiUyMGhlaWdodCUzRCUyMjQ1MCUyMiUyMHN0eWxlJTNEJTIyYm9yZGVyJTNBMCUzQiUyMiUyMGFsbG93ZnVsbHNjcmVlbiUzRCUyMiUyMiUyMGxvYWRpbmclM0QlMjJsYXp5JTIyJTIwcmVmZXJyZXJwb2xpY3klM0QlMjJuby1yZWZlcnJlci13aGVuLWRvd25ncmFkZSUyMiUzRSUzQyUyRmlmcmFtZSUzRQ==&#8221; css=&#8221;.vc_custom_1739540219840{margin-bottom: 0px !important;}&#8221;][\/vc_column][\/vc_row][\/vc_section]<\/p>\n<\/div>","protected":false},"excerpt":{"rendered":"<p>[vc_section full_width=&#8221;stretch_row&#8221; content_placement=&#8221;middle&#8221; css_animation=&#8221;none&#8221; el_id=&#8221;top-section&#8221; css=&#8221;.vc_custom_1742573881031{padding-top: 50px !important;padding-bottom: 30px !important;background-color: #63675A !important;}&#8221;][vc_row][vc_column][vc_custom_heading text=&#8221;Join Us&#8221; font_container=&#8221;tag:h1|text_align:center|color:%23FFFFFF&#8221; use_theme_fonts=&#8221;yes&#8221; css=&#8221;&#8221;][\/vc_column][\/vc_row][\/vc_section][vc_section el_id=&#8221;contact-section&#8221; css=&#8221;.vc_custom_1739539132253{margin-top: 30px !important;}&#8221;][vc_row gap=&#8221;10&#8243;][vc_column css_animation=&#8221;fadeInUp&#8221; width=&#8221;1\/2&#8243;][vc_single_image image=&#8221;390&#8243; img_size=&#8221;full&#8221; alignment=&#8221;center&#8221; css=&#8221;&#8221;][\/vc_column][vc_column css_animation=&#8221;none&#8221; width=&#8221;1\/2&#8243;][vc_row_inner][vc_column_inner css=&#8221;.vc_custom_1739539248151{padding-top: 20px !important;padding-right: 20px !important;padding-bottom: 20px !important;padding-left: 20px !important;background-color: #F3EFEA !important;}&#8221;][vc_custom_heading text=&#8221;Asha Yoga Laval&#8221; font_container=&#8221;tag:h3|text_align:center|color:%2363675A&#8221; use_theme_fonts=&#8221;yes&#8221; css=&#8221;&#8221;][vc_column_text css=&#8221;&#8221;] 1700 Desserte Sud (Highway 440), Laval, QC &#8230; <a title=\"Contact\" class=\"read-more\" href=\"https:\/\/asha.yoga\/en\/contact\/\" aria-label=\"Read more about Contact\">Read more<\/a><\/p>\n","protected":false},"author":1,"featured_media":0,"parent":0,"menu_order":0,"comment_status":"closed","ping_status":"closed","template":"","meta":{"inline_featured_image":false,"footnotes":""},"class_list":["post-385","page","type-page","status-publish"],"_links":{"self":[{"href":"https:\/\/asha.yoga\/en\/wp-json\/wp\/v2\/pages\/385","targetHints":{"allow":["GET"]}}],"collection":[{"href":"https:\/\/asha.yoga\/en\/wp-json\/wp\/v2\/pages"}],"about":[{"href":"https:\/\/asha.yoga\/en\/wp-json\/wp\/v2\/types\/page"}],"author":[{"embeddable":true,"href":"https:\/\/asha.yoga\/en\/wp-json\/wp\/v2\/users\/1"}],"replies":[{"embeddable":true,"href":"https:\/\/asha.yoga\/en\/wp-json\/wp\/v2\/comments?post=385"}],"version-history":[{"count":21,"href":"https:\/\/asha.yoga\/en\/wp-json\/wp\/v2\/pages\/385\/revisions"}],"predecessor-version":[{"id":797,"href":"https:\/\/asha.yoga\/en\/wp-json\/wp\/v2\/pages\/385\/revisions\/797"}],"wp:attachment":[{"href":"https:\/\/asha.yoga\/en\/wp-json\/wp\/v2\/media?parent=385"}],"curies":[{"name":"wp","href":"https:\/\/api.w.org\/{rel}","templated":true}]}}